{"id":914,"date":"2013-05-24T00:11:50","date_gmt":"2013-05-24T00:11:50","guid":{"rendered":"http:\/\/localhost\/subwaypack\/?page_id=914"},"modified":"2015-06-19T20:58:48","modified_gmt":"2015-06-19T20:58:48","slug":"plan-de-trabajo-2013","status":"publish","type":"page","link":"https:\/\/www.iadep.gob.ar\/iadep-archivo\/plan-de-trabajo-2013\/","title":{"rendered":"Plan de Trabajo 2013"},"content":{"rendered":"<h2>Creaci\u00f3n y puesta en marcha de una pol\u00edtica integral de recupero<\/h2>\n<p>Una pol\u00edtica integral de recupero tiene que tener en consideraci\u00f3n los procesos administrativos y de negocio, desde el otorgamiento hasta la efectiva cancelaci\u00f3n de los cr\u00e9ditos otorgados.<br \/>\nEstos procesos se pueden dividir en tres etapas bien definidas:<\/p>\n<ol>\n<li><span style=\"font-size: 13px; line-height: 19px;\">An\u00e1lisis de sujeto de cr\u00e9dito y evaluaci\u00f3n del proyecto.<\/span><\/li>\n<li><span style=\"font-size: 13px; line-height: 19px;\">Otorgamiento, instrumentaci\u00f3n y constituci\u00f3n de garant\u00edas.<\/span><\/li>\n<li><span style=\"font-size: 13px; line-height: 19px;\">Administraci\u00f3n del cr\u00e9dito, seguimiento de los proyectos y an\u00e1lisis del riesgo de incobrabilidad.<\/span><\/li>\n<\/ol>\n<p>Durante el 2012 se comenz\u00f3 a constituir la base sobre la cual se puedan generar pol\u00edticas de recupero integrales, por ello los esfuerzos se centraron principalmente en:<\/p>\n<ol>\n<li><span style=\"font-size: 13px; line-height: 19px;\">Armar una base de informaci\u00f3n s\u00f3lida, consolidada, actualizada y contenida en un sistema inform\u00e1tico que permita una administraci\u00f3n eficiente de los cr\u00e9ditos.<\/span><\/li>\n<li><span style=\"font-size: 13px; line-height: 19px;\">Adecuar la estructura organizacional de la gerencia en funci\u00f3n a la estrategia y objetivos trazados e impulsados por la direcci\u00f3n.<\/span><\/li>\n<li><span style=\"font-size: 13px; line-height: 19px;\">Creaci\u00f3n del plan de puesta en valor de los proyectos.<\/span><\/li>\n<li><span style=\"font-size: 13px; line-height: 19px;\">Seguimientos post-inversi\u00f3n en proyectos con dificultades econ\u00f3micas, financieras y\/o operativas.<\/span><\/li>\n<li><span style=\"font-size: 13px; line-height: 19px;\">Realizaci\u00f3n de acciones conjuntas con Fiscal\u00eda de Estado a fin de realizar convenios de pago con los emprendedores, que les permita la reactivaci\u00f3n de sus proyectos y el consecuente repago del cr\u00e9dito.<\/span><\/li>\n<\/ol>\n<p>Durante el 2013, y a fin de consolidar la base sobre la cual generar pol\u00edticas de recupero integradoras, los esfuerzos se centraran principalmente en:<\/p>\n<ul>\n<li><span style=\"font-size: 13px; line-height: 19px;\">Administrar desde el Sistema F\u00e9nix la totalidad de las l\u00edneas de cr\u00e9dito.<\/span><\/li>\n<li><span style=\"font-size: 13px; line-height: 19px;\">Ampliaci\u00f3n de los medios de pago, a trav\u00e9s de convenios con las principales redes de manejo electr\u00f3nico de dinero como son Red Link, Banelco, Pago F\u00e1cil, Rapipago y Posnet.<\/span><\/li>\n<li><span style=\"font-size: 13px; line-height: 19px;\">Consolidar y fortalecer el \u00e1rea de An\u00e1lisis del Riesgo Crediticio, a fin de que genere una base de informaci\u00f3n que pueda ser consultada por las principales centrales de deudores como Veraz, Nosis, Codene y otros.<\/span><\/li>\n<li><span style=\"font-size: 13px; line-height: 19px;\">Formalizar y desarrollar el \u00c1rea de Seguimiento de Proyectos, a fin de poder monitorear en forma constante a todos los emprendimientos en marcha, tanto aquellos que se encuentra en fase de desembolsos, como tambi\u00e9n para aquellos que se encuentran en marcha, detectando de esta forma, cualquier posible desvi\u00f3 en el proyecto presentado, o detectar irregularidades y externalidades no contemplados en el proyecto.<\/span><\/li>\n<li><span style=\"font-size: 13px; line-height: 19px;\">Continuar coordinando acciones con Fiscal\u00eda de Estado a fin incrementar el recupero extrajudicial de los cr\u00e9ditos.<\/span><\/li>\n<li><span style=\"font-size: 13px; line-height: 19px;\">Poner en marcha el relevamiento y actualizaci\u00f3n de p\u00f3lizas de seguros.<\/span><\/li>\n<li><span style=\"font-size: 13px; line-height: 19px;\">Continuar con las acciones que permitan la recuperaci\u00f3n y puesta en valor de aquellos emprendimientos que por razones y situaciones diversas, se encuentran en estado cr\u00edtico.<\/span><\/li>\n<li><span style=\"font-size: 13px; line-height: 19px;\">Generar ventanillas de atenci\u00f3n temporarias en los distintos puntos de la Provincia, a fin de que los emprendedores del interior provincial puedan realizar sus tr\u00e1mites sin desplazarse hasta Neuquen Capital.<\/span><\/li>\n<li><span style=\"font-size: 13px; line-height: 19px;\">Coordinar acciones con Fiscal\u00eda de Estado a fin de realizar con los emprendedores convenios de pago, que permita la reactivaci\u00f3n de los proyectos y el consecuente repago del cr\u00e9dito.<\/span><\/li>\n<li><span style=\"font-size: 13px; line-height: 19px;\">Reorganizar el sistema de custodia de garant\u00edas (Pagar\u00e9s, prendas, hipotecas).<\/span><\/li>\n<li><span style=\"font-size: 13px; line-height: 19px;\">Continuar con el seguimiento in situ de las garant\u00edas, a fin de corroborar su estado y en su caso, solicitar el reemplazo.<\/span><\/li>\n<li><span style=\"font-size: 13px; line-height: 19px;\">Realizar el relevamiento y actualizaci\u00f3n de p\u00f3lizas de seguros sobre los bienes que garantizan los cr\u00e9ditos.<\/span><\/li>\n<\/ul>\n<p>Una vez sentadas las bases descriptas l\u00edneas arriba, como pol\u00edtica de recupero se integrar\u00e1n los procesos, a fin de que el riesgo de incobrabilidad de los cr\u00e9ditos, desde el otorgamiento hasta su cancelaci\u00f3n, sea atenuado al m\u00e1ximo a trav\u00e9s de la acci\u00f3n conjunta y aceitada de las distintas a\u00e9reas intervinientes. Tambi\u00e9n se redefinir\u00e1n las condiciones de refinanciaciones establecidas por el acta 224.<\/p>\n","protected":false},"excerpt":{"rendered":"<p>Una pol\u00edtica integral de recupero tiene que tener en consideraci\u00f3n los procesos administrativos y de negocio, desde el otorgamiento hasta la efectiva cancelaci\u00f3n de los cr\u00e9ditos otorgados.<\/p>\n","protected":false},"author":1,"featured_media":3542,"parent":0,"menu_order":0,"comment_status":"closed","ping_status":"open","template":"","meta":[],"_links":{"self":[{"href":"https:\/\/www.iadep.gob.ar\/iadep-archivo\/wp-json\/wp\/v2\/pages\/914"}],"collection":[{"href":"https:\/\/www.iadep.gob.ar\/iadep-archivo\/wp-json\/wp\/v2\/pages"}],"about":[{"href":"https:\/\/www.iadep.gob.ar\/iadep-archivo\/wp-json\/wp\/v2\/types\/page"}],"author":[{"embeddable":true,"href":"https:\/\/www.iadep.gob.ar\/iadep-archivo\/wp-json\/wp\/v2\/users\/1"}],"replies":[{"embeddable":true,"href":"https:\/\/www.iadep.gob.ar\/iadep-archivo\/wp-json\/wp\/v2\/comments?post=914"}],"version-history":[{"count":0,"href":"https:\/\/www.iadep.gob.ar\/iadep-archivo\/wp-json\/wp\/v2\/pages\/914\/revisions"}],"wp:featuredmedia":[{"embeddable":true,"href":"https:\/\/www.iadep.gob.ar\/iadep-archivo\/wp-json\/wp\/v2\/media\/3542"}],"wp:attachment":[{"href":"https:\/\/www.iadep.gob.ar\/iadep-archivo\/wp-json\/wp\/v2\/media?parent=914"}],"curies":[{"name":"wp","href":"https:\/\/api.w.org\/{rel}","templated":true}]}}