{"id":903,"date":"2013-05-24T00:04:19","date_gmt":"2013-05-24T00:04:19","guid":{"rendered":"http:\/\/localhost\/subwaypack\/?page_id=903"},"modified":"2013-05-25T17:53:34","modified_gmt":"2013-05-25T17:53:34","slug":"asistencia-financiera-al-departamento-los-lagos-ley-n2763","status":"publish","type":"page","link":"https:\/\/www.iadep.gob.ar\/iadep-archivo\/asistencia-financiera-al-departamento-los-lagos-ley-n2763\/","title":{"rendered":"Asistencia financiera al Departamento Los Lagos \u2013 Ley N\u00b02763"},"content":{"rendered":"<p>Para ampliar lo descrito sobre los acontecimientos ocurridos en el Departamento Los Lagos, en particular en las localidades de Villa la Angostura y Villa Traful; se debe decir que el pasado 4 de junio entro en erupci\u00f3n el complejo volc\u00e1nico Cord\u00f3n del Caulle (Volc\u00e1n Puyehue), generando el peor desastre ambiental de su historia, desencadenando una crisis socioecon\u00f3mica, como as\u00ed tambi\u00e9n, una situaci\u00f3n ambiental delicada en el mediano plazo. Por tal motivo el Sr. Gobernador convoc\u00f3 a distintos Organismos de la provincia con el fin de analizar la situaci\u00f3n de la localidad y el impacto que tuvo y tendr\u00e1 en sus actividades econ\u00f3micas a fin de evaluar las alternativas de acciones paliativas.<\/p>\n<p>&nbsp;&nbsp;<\/p>\n<table width=\"700\" border=\"0\">\n<tbody>\n<tr>\n<td><iframe loading=\"lazy\" src=\"http:\/\/www.youtube.com\/embed\/4SBotIaEiRg?list=PL58F41B4EB094B0D6\" height=\"300\" width=\"330\" allowfullscreen=\"\" frameborder=\"0\"><\/iframe><\/td>\n<td><iframe loading=\"lazy\" style=\"margin-right: 10px;\" src=\"http:\/\/www.youtube.com\/embed\/ut4SzFEfXwA?rel=0\" height=\"300\" width=\"330\" allowfullscreen=\"\" frameborder=\"0\"><\/iframe><\/td>\n<\/tr>\n<\/tr>\n<tr>\n<td>&nbsp;<\/td>\n<\/tr>\n<tr>\n<td style=\"text-align: center;\" colspan=\"2\"><a href=\"http:\/\/www.youtube.com\/channel\/UCCzuLTHBuTBHZ1XPFz7FErw\/videos\" target=\"_blank\"><img decoding=\"async\" VALIGN=\"bottom\" alt=\"\" src=\"wp-content\/uploads\/youtube.jpg\" \/>Ver todos los videos de avances<\/a><\/td>\n<\/tr>\n<\/tbody>\n<\/table>\n<p>&nbsp;<\/p>\n<p>Con fecha 23 de junio se sanciona la Ley 2763 de Declaraci\u00f3n de la Emergencia Econ\u00f3mica y Social, que en lo atinente a la Asistencia econ\u00f3mica establece:<\/p>\n<p style=\"padding-left: 30px;\"><strong>Art\u00edculo 18\u00b0)<\/strong> Convocase a entidades financieras, entes de promoci\u00f3n municipales, provinciales y nacionales para generar programas de asistencia financiera destinada al restablecimiento del funcionamiento y reinversi\u00f3n en establecimientos comerciales, industriales y tur\u00edsticos del Departamento Los Lagos.-<\/p>\n<p style=\"padding-left: 30px;\"><strong>Art\u00edculo 19\u00ba)<\/strong> : Fac\u00faltese al Instituto Aut\u00e1rquico de Desarrollo Productivo (IADEP) a otorgar l\u00edneas de cr\u00e9ditos y\/o aplicar esquemas de tasas subsidiadas, destinadas al restablecimiento del funcionamiento y reinversi\u00f3n en establecimientos comerciales, industriales, productivos tur\u00edsticos y de servicios generales de la zonas comprendidas en la emergencia declarada en la l\u00edneas, utilizando esquemas de financiamiento que permitan adaptar las demandas existentes generadas por la emergencia socioecon\u00f3micas.<\/p>\n<p>Con tal prop\u00f3sito, se faculta a la entidad financiera a fijar asistencia crediticia que contemple una tasa nominal anual (TNA) de cero por ciento (0%), las que podr\u00e1n ser presentadas con garant\u00edas personales y\/o reales, seg\u00fan la evaluaci\u00f3n de las necesidades provocadas por la situaci\u00f3n econ\u00f3mica de emergencia de p\u00fablico conocimiento.<\/p>\n<p>Una vez instrumentada la l\u00ednea, en base a la Ley 2763, se comenzaron con las entrevistas personales a partir del d\u00eda 29 de junio 2011. Hasta la fecha se han realizado aproximadamente 1250 entrevistas y se formaron 997 expedientes, o sea un 50% del total de unidades econ\u00f3micas activas de Villa la Angostura, seg\u00fan el informe de situaci\u00f3n socioecon\u00f3mica presentado por las distintas C\u00e1maras.<\/p>\n<p>[widgetkit id=970]<\/p>\n","protected":false},"excerpt":{"rendered":"<p>Para ampliar lo descrito sobre los acontecimientos ocurridos en el Departamento Los Lagos, en particular en las localidades de Villa la Angostura y Villa Traful; se debe decir que el pasado 4 de junio entro en erupci\u00f3n el complejo volc\u00e1nico Cord\u00f3n del Caulle (Volc\u00e1n Puyehue), generando el peor desastre ambiental [&hellip;]<\/p>\n","protected":false},"author":1,"featured_media":0,"parent":0,"menu_order":0,"comment_status":"closed","ping_status":"open","template":"","meta":[],"_links":{"self":[{"href":"https:\/\/www.iadep.gob.ar\/iadep-archivo\/wp-json\/wp\/v2\/pages\/903"}],"collection":[{"href":"https:\/\/www.iadep.gob.ar\/iadep-archivo\/wp-json\/wp\/v2\/pages"}],"about":[{"href":"https:\/\/www.iadep.gob.ar\/iadep-archivo\/wp-json\/wp\/v2\/types\/page"}],"author":[{"embeddable":true,"href":"https:\/\/www.iadep.gob.ar\/iadep-archivo\/wp-json\/wp\/v2\/users\/1"}],"replies":[{"embeddable":true,"href":"https:\/\/www.iadep.gob.ar\/iadep-archivo\/wp-json\/wp\/v2\/comments?post=903"}],"version-history":[{"count":0,"href":"https:\/\/www.iadep.gob.ar\/iadep-archivo\/wp-json\/wp\/v2\/pages\/903\/revisions"}],"wp:attachment":[{"href":"https:\/\/www.iadep.gob.ar\/iadep-archivo\/wp-json\/wp\/v2\/media?parent=903"}],"curies":[{"name":"wp","href":"https:\/\/api.w.org\/{rel}","templated":true}]}}