{"id":8297,"date":"2022-10-24T15:36:27","date_gmt":"2022-10-24T15:36:27","guid":{"rendered":"https:\/\/www.iadep.gob.ar\/iadep\/?page_id=8297"},"modified":"2023-02-27T11:57:32","modified_gmt":"2023-02-27T14:57:32","slug":"descubrir-2022-capacitacion-financiamiento","status":"publish","type":"page","link":"https:\/\/www.iadep.gob.ar\/iadep-archivo\/descubrir-2022-capacitacion-financiamiento\/","title":{"rendered":"Programa Descubrir 2022 &#8211; Apoyando al Talento Emprendedor (Capacitaci\u00f3n + Financiamiento)"},"content":{"rendered":"<p>Este programa est\u00e1 destinado a personas mayores de 18 a\u00f1os, que posean un proyecto a desarrollar o en marcha de hasta cinco a\u00f1os de antig\u00fcedad y que tengan inter\u00e9s en participar de capacitaci\u00f3n con opci\u00f3n a ser elegible para acceder a financiamiento.<br \/>\nEste a\u00f1o la modalidad del programa fue bajo un formato h\u00edbrido, que implic\u00f3 jornadas presenciales y virtuales. Las capacitaciones giraron en torno tem\u00e1ticas tales como: modelo de negocios, estrategias de comercializaci\u00f3n, emprendimientos sustentables, estimaci\u00f3n de costos y rentabilidad.<br \/>\nEl gran desaf\u00edo fue dictarlo de manera simult\u00e1nea, sincr\u00f3nica y asincr\u00f3nica en las distintas zonas de la Provincia: Zona Sur (San Mart\u00edn de los Andes), Zona Norte (Chos Malal), Zona Centro (Zapala), Zona Confluencia (Neuqu\u00e9n Capital).<\/p>\n<p>Entre los participantes presenciales y virtuales, se logr\u00f3 que 432 emprendedores se capaciten en las diversas tem\u00e1ticas de emprendedurismo. De ellas, 311 correspondieron al g\u00e9nero femenino mientras que 121 al g\u00e9nero masculino residentes en 26 localidades neuquinas.<\/p>\n<p>Concluidas las jornadas presenciales, se continu\u00f3 el proceso de aprendizaje y seguimiento a trav\u00e9s del \u201cAula virtual del Iadep\u201d, El Programa Descubrir permiti\u00f3 ratificar el gran talento emprendedor que existe en toda la provincia del Neuqu\u00e9n.<\/p>\n<p>&nbsp;<\/p>\n\n\t\t<style type=\"text\/css\">\n\t\t\t#gallery-1 {\n\t\t\t\tmargin: auto;\n\t\t\t}\n\t\t\t#gallery-1 .gallery-item {\n\t\t\t\tfloat: left;\n\t\t\t\tmargin-top: 10px;\n\t\t\t\ttext-align: center;\n\t\t\t\twidth: 50%;\n\t\t\t}\n\t\t\t#gallery-1 img {\n\t\t\t\tborder: 2px solid #cfcfcf;\n\t\t\t}\n\t\t\t#gallery-1 .gallery-caption {\n\t\t\t\tmargin-left: 0;\n\t\t\t}\n\t\t\t\/* see gallery_shortcode() in wp-includes\/media.php *\/\n\t\t<\/style>\n\t\t<div id='gallery-1' class='gallery galleryid-8297 gallery-columns-2 gallery-size-full'><dl class='gallery-item'>\n\t\t\t<dt class='gallery-icon landscape'>\n\t\t\t\t<a href='https:\/\/www.iadep.gob.ar\/iadep-archivo\/wp-content\/uploads\/03-3.jpg'><img width=\"1152\" height=\"864\" src=\"https:\/\/www.iadep.gob.ar\/iadep-archivo\/wp-content\/uploads\/03-3.jpg\" class=\"attachment-full size-full\" alt=\"Descubrir - Capacitaci\u00f3n + Financiamiento\" decoding=\"async\" loading=\"lazy\" srcset=\"https:\/\/www.iadep.gob.ar\/iadep-archivo\/wp-content\/uploads\/03-3.jpg 1152w, https:\/\/www.iadep.gob.ar\/iadep-archivo\/wp-content\/uploads\/03-3-700x525.jpg 700w, https:\/\/www.iadep.gob.ar\/iadep-archivo\/wp-content\/uploads\/03-3-768x576.jpg 768w\" sizes=\"(max-width: 1152px) 100vw, 1152px\" \/><\/a>\n\t\t\t<\/dt><\/dl><dl class='gallery-item'>\n\t\t\t<dt class='gallery-icon landscape'>\n\t\t\t\t<a href='https:\/\/www.iadep.gob.ar\/iadep-archivo\/wp-content\/uploads\/01-4.jpg'><img width=\"1280\" height=\"720\" src=\"https:\/\/www.iadep.gob.ar\/iadep-archivo\/wp-content\/uploads\/01-4.jpg\" class=\"attachment-full size-full\" alt=\"Descubrir - Capacitaci\u00f3n + Financiamiento\" decoding=\"async\" loading=\"lazy\" srcset=\"https:\/\/www.iadep.gob.ar\/iadep-archivo\/wp-content\/uploads\/01-4.jpg 1280w, https:\/\/www.iadep.gob.ar\/iadep-archivo\/wp-content\/uploads\/01-4-700x394.jpg 700w, https:\/\/www.iadep.gob.ar\/iadep-archivo\/wp-content\/uploads\/01-4-768x432.jpg 768w\" sizes=\"(max-width: 1280px) 100vw, 1280px\" \/><\/a>\n\t\t\t<\/dt><\/dl><br style=\"clear: both\" \/><dl class='gallery-item'>\n\t\t\t<dt class='gallery-icon landscape'>\n\t\t\t\t<a href='https:\/\/www.iadep.gob.ar\/iadep-archivo\/wp-content\/uploads\/02-5.jpg'><img width=\"1600\" height=\"740\" src=\"https:\/\/www.iadep.gob.ar\/iadep-archivo\/wp-content\/uploads\/02-5.jpg\" class=\"attachment-full size-full\" alt=\"\" decoding=\"async\" loading=\"lazy\" srcset=\"https:\/\/www.iadep.gob.ar\/iadep-archivo\/wp-content\/uploads\/02-5.jpg 1600w, https:\/\/www.iadep.gob.ar\/iadep-archivo\/wp-content\/uploads\/02-5-700x324.jpg 700w, https:\/\/www.iadep.gob.ar\/iadep-archivo\/wp-content\/uploads\/02-5-768x355.jpg 768w, https:\/\/www.iadep.gob.ar\/iadep-archivo\/wp-content\/uploads\/02-5-1536x710.jpg 1536w\" sizes=\"(max-width: 1600px) 100vw, 1600px\" \/><\/a>\n\t\t\t<\/dt><\/dl><dl class='gallery-item'>\n\t\t\t<dt class='gallery-icon landscape'>\n\t\t\t\t<a href='https:\/\/www.iadep.gob.ar\/iadep-archivo\/wp-content\/uploads\/03-4.jpg'><img width=\"1152\" height=\"864\" src=\"https:\/\/www.iadep.gob.ar\/iadep-archivo\/wp-content\/uploads\/03-4.jpg\" class=\"attachment-full size-full\" alt=\"\" decoding=\"async\" loading=\"lazy\" srcset=\"https:\/\/www.iadep.gob.ar\/iadep-archivo\/wp-content\/uploads\/03-4.jpg 1152w, https:\/\/www.iadep.gob.ar\/iadep-archivo\/wp-content\/uploads\/03-4-700x525.jpg 700w, https:\/\/www.iadep.gob.ar\/iadep-archivo\/wp-content\/uploads\/03-4-768x576.jpg 768w\" sizes=\"(max-width: 1152px) 100vw, 1152px\" \/><\/a>\n\t\t\t<\/dt><\/dl><br style=\"clear: both\" \/><dl class='gallery-item'>\n\t\t\t<dt class='gallery-icon landscape'>\n\t\t\t\t<a href='https:\/\/www.iadep.gob.ar\/iadep-archivo\/wp-content\/uploads\/04-2.jpg'><img width=\"1599\" height=\"899\" src=\"https:\/\/www.iadep.gob.ar\/iadep-archivo\/wp-content\/uploads\/04-2.jpg\" class=\"attachment-full size-full\" alt=\"\" decoding=\"async\" loading=\"lazy\" srcset=\"https:\/\/www.iadep.gob.ar\/iadep-archivo\/wp-content\/uploads\/04-2.jpg 1599w, https:\/\/www.iadep.gob.ar\/iadep-archivo\/wp-content\/uploads\/04-2-700x394.jpg 700w, https:\/\/www.iadep.gob.ar\/iadep-archivo\/wp-content\/uploads\/04-2-768x432.jpg 768w, https:\/\/www.iadep.gob.ar\/iadep-archivo\/wp-content\/uploads\/04-2-1536x864.jpg 1536w\" sizes=\"(max-width: 1599px) 100vw, 1599px\" \/><\/a>\n\t\t\t<\/dt><\/dl><dl class='gallery-item'>\n\t\t\t<dt class='gallery-icon landscape'>\n\t\t\t\t<a href='https:\/\/www.iadep.gob.ar\/iadep-archivo\/wp-content\/uploads\/06-1.jpg'><img width=\"1280\" height=\"960\" src=\"https:\/\/www.iadep.gob.ar\/iadep-archivo\/wp-content\/uploads\/06-1.jpg\" class=\"attachment-full size-full\" alt=\"\" decoding=\"async\" loading=\"lazy\" srcset=\"https:\/\/www.iadep.gob.ar\/iadep-archivo\/wp-content\/uploads\/06-1.jpg 1280w, https:\/\/www.iadep.gob.ar\/iadep-archivo\/wp-content\/uploads\/06-1-700x525.jpg 700w, https:\/\/www.iadep.gob.ar\/iadep-archivo\/wp-content\/uploads\/06-1-768x576.jpg 768w\" sizes=\"(max-width: 1280px) 100vw, 1280px\" \/><\/a>\n\t\t\t<\/dt><\/dl><br style=\"clear: both\" \/><dl class='gallery-item'>\n\t\t\t<dt class='gallery-icon landscape'>\n\t\t\t\t<a href='https:\/\/www.iadep.gob.ar\/iadep-archivo\/wp-content\/uploads\/07-1.jpg'><img width=\"1280\" height=\"960\" src=\"https:\/\/www.iadep.gob.ar\/iadep-archivo\/wp-content\/uploads\/07-1.jpg\" class=\"attachment-full size-full\" alt=\"\" decoding=\"async\" loading=\"lazy\" srcset=\"https:\/\/www.iadep.gob.ar\/iadep-archivo\/wp-content\/uploads\/07-1.jpg 1280w, https:\/\/www.iadep.gob.ar\/iadep-archivo\/wp-content\/uploads\/07-1-700x525.jpg 700w, https:\/\/www.iadep.gob.ar\/iadep-archivo\/wp-content\/uploads\/07-1-768x576.jpg 768w\" sizes=\"(max-width: 1280px) 100vw, 1280px\" \/><\/a>\n\t\t\t<\/dt><\/dl><dl class='gallery-item'>\n\t\t\t<dt class='gallery-icon landscape'>\n\t\t\t\t<a href='https:\/\/www.iadep.gob.ar\/iadep-archivo\/wp-content\/uploads\/09-1.jpg'><img width=\"1280\" height=\"471\" src=\"https:\/\/www.iadep.gob.ar\/iadep-archivo\/wp-content\/uploads\/09-1.jpg\" class=\"attachment-full size-full\" alt=\"\" decoding=\"async\" loading=\"lazy\" srcset=\"https:\/\/www.iadep.gob.ar\/iadep-archivo\/wp-content\/uploads\/09-1.jpg 1280w, https:\/\/www.iadep.gob.ar\/iadep-archivo\/wp-content\/uploads\/09-1-700x258.jpg 700w, https:\/\/www.iadep.gob.ar\/iadep-archivo\/wp-content\/uploads\/09-1-768x283.jpg 768w\" sizes=\"(max-width: 1280px) 100vw, 1280px\" \/><\/a>\n\t\t\t<\/dt><\/dl><br style=\"clear: both\" \/><dl class='gallery-item'>\n\t\t\t<dt class='gallery-icon landscape'>\n\t\t\t\t<a href='https:\/\/www.iadep.gob.ar\/iadep-archivo\/wp-content\/uploads\/06-2.jpg'><img width=\"1280\" height=\"1137\" src=\"https:\/\/www.iadep.gob.ar\/iadep-archivo\/wp-content\/uploads\/06-2.jpg\" class=\"attachment-full size-full\" alt=\"\" decoding=\"async\" loading=\"lazy\" srcset=\"https:\/\/www.iadep.gob.ar\/iadep-archivo\/wp-content\/uploads\/06-2.jpg 1280w, https:\/\/www.iadep.gob.ar\/iadep-archivo\/wp-content\/uploads\/06-2-700x622.jpg 700w, https:\/\/www.iadep.gob.ar\/iadep-archivo\/wp-content\/uploads\/06-2-768x682.jpg 768w\" sizes=\"(max-width: 1280px) 100vw, 1280px\" \/><\/a>\n\t\t\t<\/dt><\/dl><dl class='gallery-item'>\n\t\t\t<dt class='gallery-icon landscape'>\n\t\t\t\t<a href='https:\/\/www.iadep.gob.ar\/iadep-archivo\/wp-content\/uploads\/web-Conclusion-Jornadas-presenciales-11.jpg'><img width=\"1068\" height=\"528\" src=\"https:\/\/www.iadep.gob.ar\/iadep-archivo\/wp-content\/uploads\/web-Conclusion-Jornadas-presenciales-11.jpg\" class=\"attachment-full size-full\" alt=\"Conclusion Jornadas Descubrir 2022\" decoding=\"async\" loading=\"lazy\" srcset=\"https:\/\/www.iadep.gob.ar\/iadep-archivo\/wp-content\/uploads\/web-Conclusion-Jornadas-presenciales-11.jpg 1068w, https:\/\/www.iadep.gob.ar\/iadep-archivo\/wp-content\/uploads\/web-Conclusion-Jornadas-presenciales-11-700x346.jpg 700w, https:\/\/www.iadep.gob.ar\/iadep-archivo\/wp-content\/uploads\/web-Conclusion-Jornadas-presenciales-11-768x380.jpg 768w\" sizes=\"(max-width: 1068px) 100vw, 1068px\" \/><\/a>\n\t\t\t<\/dt><\/dl><br style=\"clear: both\" \/><dl class='gallery-item'>\n\t\t\t<dt class='gallery-icon landscape'>\n\t\t\t\t<a href='https:\/\/www.iadep.gob.ar\/iadep-archivo\/wp-content\/uploads\/web-Conclusion-Jornada-Presencial-21.jpg'><img width=\"1403\" height=\"780\" src=\"https:\/\/www.iadep.gob.ar\/iadep-archivo\/wp-content\/uploads\/web-Conclusion-Jornada-Presencial-21.jpg\" class=\"attachment-full size-full\" alt=\"Conclusion Jornadas Descubrir 2022\" decoding=\"async\" loading=\"lazy\" srcset=\"https:\/\/www.iadep.gob.ar\/iadep-archivo\/wp-content\/uploads\/web-Conclusion-Jornada-Presencial-21.jpg 1403w, https:\/\/www.iadep.gob.ar\/iadep-archivo\/wp-content\/uploads\/web-Conclusion-Jornada-Presencial-21-700x389.jpg 700w, https:\/\/www.iadep.gob.ar\/iadep-archivo\/wp-content\/uploads\/web-Conclusion-Jornada-Presencial-21-768x427.jpg 768w\" sizes=\"(max-width: 1403px) 100vw, 1403px\" \/><\/a>\n\t\t\t<\/dt><\/dl><dl class='gallery-item'>\n\t\t\t<dt class='gallery-icon portrait'>\n\t\t\t\t<a href='https:\/\/www.iadep.gob.ar\/iadep-archivo\/wp-content\/uploads\/24-1.jpg'><img width=\"1200\" height=\"1600\" src=\"https:\/\/www.iadep.gob.ar\/iadep-archivo\/wp-content\/uploads\/24-1.jpg\" class=\"attachment-full size-full\" alt=\"\" decoding=\"async\" loading=\"lazy\" srcset=\"https:\/\/www.iadep.gob.ar\/iadep-archivo\/wp-content\/uploads\/24-1.jpg 1200w, https:\/\/www.iadep.gob.ar\/iadep-archivo\/wp-content\/uploads\/24-1-525x700.jpg 525w, https:\/\/www.iadep.gob.ar\/iadep-archivo\/wp-content\/uploads\/24-1-768x1024.jpg 768w, https:\/\/www.iadep.gob.ar\/iadep-archivo\/wp-content\/uploads\/24-1-1152x1536.jpg 1152w\" sizes=\"(max-width: 1200px) 100vw, 1200px\" \/><\/a>\n\t\t\t<\/dt><\/dl><br style=\"clear: both\" \/><dl class='gallery-item'>\n\t\t\t<dt class='gallery-icon landscape'>\n\t\t\t\t<a href='https:\/\/www.iadep.gob.ar\/iadep-archivo\/wp-content\/uploads\/28.jpg'><img width=\"1280\" height=\"720\" src=\"https:\/\/www.iadep.gob.ar\/iadep-archivo\/wp-content\/uploads\/28.jpg\" class=\"attachment-full size-full\" alt=\"\" decoding=\"async\" loading=\"lazy\" srcset=\"https:\/\/www.iadep.gob.ar\/iadep-archivo\/wp-content\/uploads\/28.jpg 1280w, https:\/\/www.iadep.gob.ar\/iadep-archivo\/wp-content\/uploads\/28-700x394.jpg 700w, https:\/\/www.iadep.gob.ar\/iadep-archivo\/wp-content\/uploads\/28-768x432.jpg 768w\" sizes=\"(max-width: 1280px) 100vw, 1280px\" \/><\/a>\n\t\t\t<\/dt><\/dl><dl class='gallery-item'>\n\t\t\t<dt class='gallery-icon portrait'>\n\t\t\t\t<a href='https:\/\/www.iadep.gob.ar\/iadep-archivo\/wp-content\/uploads\/30.jpg'><img width=\"768\" height=\"1024\" src=\"https:\/\/www.iadep.gob.ar\/iadep-archivo\/wp-content\/uploads\/30.jpg\" class=\"attachment-full size-full\" alt=\"\" decoding=\"async\" loading=\"lazy\" srcset=\"https:\/\/www.iadep.gob.ar\/iadep-archivo\/wp-content\/uploads\/30.jpg 768w, https:\/\/www.iadep.gob.ar\/iadep-archivo\/wp-content\/uploads\/30-525x700.jpg 525w\" sizes=\"(max-width: 768px) 100vw, 768px\" \/><\/a>\n\t\t\t<\/dt><\/dl><br style=\"clear: both\" \/><dl class='gallery-item'>\n\t\t\t<dt class='gallery-icon landscape'>\n\t\t\t\t<a href='https:\/\/www.iadep.gob.ar\/iadep-archivo\/wp-content\/uploads\/35.jpg'><img width=\"1280\" height=\"720\" src=\"https:\/\/www.iadep.gob.ar\/iadep-archivo\/wp-content\/uploads\/35.jpg\" class=\"attachment-full size-full\" alt=\"\" decoding=\"async\" loading=\"lazy\" srcset=\"https:\/\/www.iadep.gob.ar\/iadep-archivo\/wp-content\/uploads\/35.jpg 1280w, https:\/\/www.iadep.gob.ar\/iadep-archivo\/wp-content\/uploads\/35-700x394.jpg 700w, https:\/\/www.iadep.gob.ar\/iadep-archivo\/wp-content\/uploads\/35-768x432.jpg 768w\" sizes=\"(max-width: 1280px) 100vw, 1280px\" \/><\/a>\n\t\t\t<\/dt><\/dl><dl class='gallery-item'>\n\t\t\t<dt class='gallery-icon landscape'>\n\t\t\t\t<a href='https:\/\/www.iadep.gob.ar\/iadep-archivo\/wp-content\/uploads\/50.jpg'><img width=\"1600\" height=\"720\" src=\"https:\/\/www.iadep.gob.ar\/iadep-archivo\/wp-content\/uploads\/50.jpg\" class=\"attachment-full size-full\" alt=\"\" decoding=\"async\" loading=\"lazy\" srcset=\"https:\/\/www.iadep.gob.ar\/iadep-archivo\/wp-content\/uploads\/50.jpg 1600w, https:\/\/www.iadep.gob.ar\/iadep-archivo\/wp-content\/uploads\/50-700x315.jpg 700w, https:\/\/www.iadep.gob.ar\/iadep-archivo\/wp-content\/uploads\/50-768x346.jpg 768w, https:\/\/www.iadep.gob.ar\/iadep-archivo\/wp-content\/uploads\/50-1536x691.jpg 1536w\" sizes=\"(max-width: 1600px) 100vw, 1600px\" \/><\/a>\n\t\t\t<\/dt><\/dl><br style=\"clear: both\" \/><dl class='gallery-item'>\n\t\t\t<dt class='gallery-icon landscape'>\n\t\t\t\t<a href='https:\/\/www.iadep.gob.ar\/iadep-archivo\/wp-content\/uploads\/46.jpg'><img width=\"1599\" height=\"1200\" src=\"https:\/\/www.iadep.gob.ar\/iadep-archivo\/wp-content\/uploads\/46.jpg\" class=\"attachment-full size-full\" alt=\"\" decoding=\"async\" loading=\"lazy\" srcset=\"https:\/\/www.iadep.gob.ar\/iadep-archivo\/wp-content\/uploads\/46.jpg 1599w, https:\/\/www.iadep.gob.ar\/iadep-archivo\/wp-content\/uploads\/46-700x525.jpg 700w, https:\/\/www.iadep.gob.ar\/iadep-archivo\/wp-content\/uploads\/46-768x576.jpg 768w, https:\/\/www.iadep.gob.ar\/iadep-archivo\/wp-content\/uploads\/46-1536x1153.jpg 1536w\" sizes=\"(max-width: 1599px) 100vw, 1599px\" \/><\/a>\n\t\t\t<\/dt><\/dl><dl class='gallery-item'>\n\t\t\t<dt class='gallery-icon landscape'>\n\t\t\t\t<a href='https:\/\/www.iadep.gob.ar\/iadep-archivo\/wp-content\/uploads\/55.jpg'><img width=\"1600\" height=\"1200\" src=\"https:\/\/www.iadep.gob.ar\/iadep-archivo\/wp-content\/uploads\/55.jpg\" class=\"attachment-full size-full\" alt=\"\" decoding=\"async\" loading=\"lazy\" srcset=\"https:\/\/www.iadep.gob.ar\/iadep-archivo\/wp-content\/uploads\/55.jpg 1600w, https:\/\/www.iadep.gob.ar\/iadep-archivo\/wp-content\/uploads\/55-700x525.jpg 700w, https:\/\/www.iadep.gob.ar\/iadep-archivo\/wp-content\/uploads\/55-768x576.jpg 768w, https:\/\/www.iadep.gob.ar\/iadep-archivo\/wp-content\/uploads\/55-1536x1152.jpg 1536w\" sizes=\"(max-width: 1600px) 100vw, 1600px\" \/><\/a>\n\t\t\t<\/dt><\/dl><br style=\"clear: both\" \/><dl class='gallery-item'>\n\t\t\t<dt class='gallery-icon landscape'>\n\t\t\t\t<a href='https:\/\/www.iadep.gob.ar\/iadep-archivo\/wp-content\/uploads\/56.jpg'><img width=\"1280\" height=\"1207\" src=\"https:\/\/www.iadep.gob.ar\/iadep-archivo\/wp-content\/uploads\/56.jpg\" class=\"attachment-full size-full\" alt=\"\" decoding=\"async\" loading=\"lazy\" srcset=\"https:\/\/www.iadep.gob.ar\/iadep-archivo\/wp-content\/uploads\/56.jpg 1280w, https:\/\/www.iadep.gob.ar\/iadep-archivo\/wp-content\/uploads\/56-700x660.jpg 700w, https:\/\/www.iadep.gob.ar\/iadep-archivo\/wp-content\/uploads\/56-768x724.jpg 768w\" sizes=\"(max-width: 1280px) 100vw, 1280px\" \/><\/a>\n\t\t\t<\/dt><\/dl>\n\t\t\t<br style='clear: both' \/>\n\t\t<\/div>\n\n<h4 style=\"text-align: center;\"><strong>\u00a0<\/strong><\/h4>\n<p>&nbsp;<\/p>\n<p>&nbsp;<\/p>\n","protected":false},"excerpt":{"rendered":"<p>Este programa est\u00e1 destinado a personas mayores de 18 a\u00f1os, que posean un proyecto a desarrollar o en marcha de hasta cinco a\u00f1os de antig\u00fcedad y que tengan inter\u00e9s en participar de capacitaci\u00f3n con opci\u00f3n a ser elegible para acceder a financiamiento. Este a\u00f1o la modalidad del programa fue bajo [&hellip;]<\/p>\n","protected":false},"author":8,"featured_media":8301,"parent":0,"menu_order":0,"comment_status":"closed","ping_status":"closed","template":"","meta":[],"_links":{"self":[{"href":"https:\/\/www.iadep.gob.ar\/iadep-archivo\/wp-json\/wp\/v2\/pages\/8297"}],"collection":[{"href":"https:\/\/www.iadep.gob.ar\/iadep-archivo\/wp-json\/wp\/v2\/pages"}],"about":[{"href":"https:\/\/www.iadep.gob.ar\/iadep-archivo\/wp-json\/wp\/v2\/types\/page"}],"author":[{"embeddable":true,"href":"https:\/\/www.iadep.gob.ar\/iadep-archivo\/wp-json\/wp\/v2\/users\/8"}],"replies":[{"embeddable":true,"href":"https:\/\/www.iadep.gob.ar\/iadep-archivo\/wp-json\/wp\/v2\/comments?post=8297"}],"version-history":[{"count":3,"href":"https:\/\/www.iadep.gob.ar\/iadep-archivo\/wp-json\/wp\/v2\/pages\/8297\/revisions"}],"predecessor-version":[{"id":8528,"href":"https:\/\/www.iadep.gob.ar\/iadep-archivo\/wp-json\/wp\/v2\/pages\/8297\/revisions\/8528"}],"wp:featuredmedia":[{"embeddable":true,"href":"https:\/\/www.iadep.gob.ar\/iadep-archivo\/wp-json\/wp\/v2\/media\/8301"}],"wp:attachment":[{"href":"https:\/\/www.iadep.gob.ar\/iadep-archivo\/wp-json\/wp\/v2\/media?parent=8297"}],"curies":[{"name":"wp","href":"https:\/\/api.w.org\/{rel}","templated":true}]}}