{"id":6202,"date":"2019-10-08T17:40:46","date_gmt":"2019-10-08T17:40:46","guid":{"rendered":"http:\/\/www.iadep.gob.ar\/iadep\/?page_id=6202"},"modified":"2023-04-25T09:29:03","modified_gmt":"2023-04-25T12:29:03","slug":"financiamiento","status":"publish","type":"page","link":"https:\/\/www.iadep.gob.ar\/iadep-archivo\/financiamiento\/","title":{"rendered":"Financiamiento"},"content":{"rendered":"<p>[vc_row][vc_column width=\u00bb1\/2&#8243;][vc_single_image image=\u00bb6235&#8243; img_size=\u00bbfull\u00bb][vc_custom_heading text=\u00bbL\u00cdNEAS DE ASISTENCIA FINANCIERA &#8211; ACTIVAS\u00bb font_container=\u00bbtag:h6|font_size:18|text_align:left\u00bb google_fonts=\u00bbfont_family:Cabin%20Condensed%3Aregular%2C500%2C600%2C700|font_style:400%20regular%3A400%3Anormal\u00bb][vc_btn title=\u00bbLey Prov. N\u00b0 2620&#8243; color=\u00bbwarning\u00bb link=\u00bburl:https%3A%2F%2Fwww.iadep.gob.ar%2Fiadep%2Fwp-content%2Fuploads%2FLINEAS-DE-CREDITO-VIGENTES-2023-2620.pdf|target:_blank\u00bb][vc_btn title=\u00bbLey Prov. N\u00b0 2621&#8243; color=\u00bbwarning\u00bb link=\u00bburl:https%3A%2F%2Fwww.iadep.gob.ar%2Fiadep%2Fwp-content%2Fuploads%2FLINEAS-DE-CREDITO-VIGENTES-2023-2621.pdf|target:_blank\u00bb][vc_btn title=\u00bbLey Prov. N\u00b0 2247&#8243; color=\u00bbwarning\u00bb link=\u00bburl:https%3A%2F%2Fwww.iadep.gob.ar%2Fiadep%2Fwp-content%2Fuploads%2FLINEAS-DE-CREDITO-VIGENTES-2023-2247.pdf|target:_blank\u00bb][vc_empty_space height=\u00bb10&#8243;][vc_empty_space height=\u00bb10&#8243;][vc_custom_heading text=\u00bbGu\u00eda de formulaci\u00f3n de proyectos 2021&#8243; font_container=\u00bbtag:h6|text_align:left\u00bb google_fonts=\u00bbfont_family:Cabin%20Condensed%3Aregular%2C500%2C600%2C700|font_style:400%20regular%3A400%3Anormal\u00bb][vc_btn title=\u00bbParte I\u00bb color=\u00bbwarning\u00bb link=\u00bburl:https%3A%2F%2Fwww.iadep.gob.ar%2Fiadep%2Fwp-content%2Fuploads%2FParte-I-Guia-de-formulacion-de-Proyectos-2021.pdf||target:%20_blank|\u00bb][vc_btn title=\u00bbParte II\u00bb color=\u00bbwarning\u00bb link=\u00bburl:https%3A%2F%2Fwww.iadep.gob.ar%2Fiadep%2Fwp-content%2Fuploads%2FParte-II-Anexo-Flujo-de-Fondos-Proyectado-1.xlsx||target:%20_blank|\u00bb][vc_custom_heading text=\u00bbL\u00ednea Productores Ganaderos y Forrajeros\u00bb font_container=\u00bbtag:h6|text_align:left\u00bb google_fonts=\u00bbfont_family:Cabin%20Condensed%3Aregular%2C500%2C600%2C700|font_style:400%20regular%3A400%3Anormal\u00bb link=\u00bburl:https%3A%2F%2Fwww.iadep.gob.ar%2Fiadep%2Fwp-content%2Fuploads%2FLINEAS-PRODUCTORES-FORRAJEROS-Y-GANADEROS.pdf||target:%20_blank|\u00bb][vc_btn title=\u00bbDescargar PDF\u00bb color=\u00bbwarning\u00bb link=\u00bburl:https%3A%2F%2Fwww.iadep.gob.ar%2Fiadep%2Fwp-content%2Fuploads%2FLINEAS-DE-CREDITO-VIGENTES-2023-PRODUCTORES-GANADEROS-Y-FORRAJEROS.pdf|target:_blank\u00bb][vc_empty_space height=\u00bb10&#8243;][\/vc_column][vc_column width=\u00bb1\/2&#8243;][vc_column_text]<\/p>\n<p style=\"text-align: justify;\"><strong>El IADEP OTORGA FINANCIAMIENTO PARA LA ECONOM\u00cdA REAL<\/strong><\/p>\n<p style=\"text-align: justify;\">Por su ley de creaci\u00f3n, el IADEP tiene la facultad de otorgar financiamiento a emprendedores de bienes y servicios para el desarrollo de proyectos de inversi\u00f3n potenciando su capacidad productiva.<\/p>\n<p>[\/vc_column_text][vc_column_text]<\/p>\n<p style=\"text-align: justify;\"><strong>EL IADEP FINANCIA OTROS PROGRAMAS PROVINCIALES<\/strong><\/p>\n<p style=\"text-align: justify;\">Act\u00faa como Agente Financiero del programa de \u201cReconversi\u00f3n Productiva Neuquina\u201d, destinado a contribuir a la diversificaci\u00f3n de la producci\u00f3n de bienes y servicios, promoviendo actividades no tradicionales, incluyendo la actividad tur\u00edstica y el desarrollo rural.<\/p>\n<p>[\/vc_column_text][vc_column_text]<\/p>\n<p style=\"text-align: justify;\"><strong>FINANCIAMIENTO A EMPRENDEDORES DE LA ECONOM\u00cdA SOCIAL<\/strong><\/p>\n<p style=\"text-align: justify;\">Se contribuye al progreso integral de las personas, los grupos de escasos recursos y de las organizaciones no lucrativas de la sociedad civil.<\/p>\n<p>[\/vc_column_text][vc_column_text]<\/p>\n<p style=\"text-align: justify;\"><strong>INCENTIVO GANADERO<\/strong><\/p>\n<p style=\"text-align: justify;\">Se destinan fondos con el objetivo de incentivar la producci\u00f3n ganadera bovina, cam\u00e9lida y ovino-caprina de la provincia.<\/p>\n<p>[\/vc_column_text][vc_column_text]<\/p>\n<p style=\"text-align: justify;\"><strong>INCENTIVO FORESTAL<\/strong><\/p>\n<p style=\"text-align: justify;\">El IADEP realiza aportes para ser utilizados en el cumplimiento de la implantaci\u00f3n forestal comunitarias, peque\u00f1os productores y plantaciones forestales implantadas (poda y raleo).<\/p>\n<p>[\/vc_column_text][\/vc_column][\/vc_row]<\/p>\n","protected":false},"excerpt":{"rendered":"<p>[vc_row][vc_column width=\u00bb1\/2&#8243;][vc_single_image image=\u00bb6235&#8243; img_size=\u00bbfull\u00bb][vc_custom_heading text=\u00bbL\u00cdNEAS DE ASISTENCIA FINANCIERA &#8211; ACTIVAS\u00bb font_container=\u00bbtag:h6|font_size:18|text_align:left\u00bb google_fonts=\u00bbfont_family:Cabin%20Condensed%3Aregular%2C500%2C600%2C700|font_style:400%20regular%3A400%3Anormal\u00bb][vc_btn title=\u00bbLey Prov. N\u00b0 2620&#8243; color=\u00bbwarning\u00bb link=\u00bburl:https%3A%2F%2Fwww.iadep.gob.ar%2Fiadep%2Fwp-content%2Fuploads%2FLINEAS-DE-CREDITO-VIGENTES-2023-2620.pdf|target:_blank\u00bb][vc_btn title=\u00bbLey Prov. N\u00b0 2621&#8243; color=\u00bbwarning\u00bb link=\u00bburl:https%3A%2F%2Fwww.iadep.gob.ar%2Fiadep%2Fwp-content%2Fuploads%2FLINEAS-DE-CREDITO-VIGENTES-2023-2621.pdf|target:_blank\u00bb][vc_btn title=\u00bbLey Prov. N\u00b0 2247&#8243; color=\u00bbwarning\u00bb link=\u00bburl:https%3A%2F%2Fwww.iadep.gob.ar%2Fiadep%2Fwp-content%2Fuploads%2FLINEAS-DE-CREDITO-VIGENTES-2023-2247.pdf|target:_blank\u00bb][vc_empty_space height=\u00bb10&#8243;][vc_empty_space height=\u00bb10&#8243;][vc_custom_heading text=\u00bbGu\u00eda de formulaci\u00f3n de proyectos 2021&#8243; font_container=\u00bbtag:h6|text_align:left\u00bb google_fonts=\u00bbfont_family:Cabin%20Condensed%3Aregular%2C500%2C600%2C700|font_style:400%20regular%3A400%3Anormal\u00bb][vc_btn title=\u00bbParte I\u00bb color=\u00bbwarning\u00bb link=\u00bburl:https%3A%2F%2Fwww.iadep.gob.ar%2Fiadep%2Fwp-content%2Fuploads%2FParte-I-Guia-de-formulacion-de-Proyectos-2021.pdf||target:%20_blank|\u00bb][vc_btn title=\u00bbParte II\u00bb color=\u00bbwarning\u00bb link=\u00bburl:https%3A%2F%2Fwww.iadep.gob.ar%2Fiadep%2Fwp-content%2Fuploads%2FParte-II-Anexo-Flujo-de-Fondos-Proyectado-1.xlsx||target:%20_blank|\u00bb][vc_custom_heading text=\u00bbL\u00ednea Productores [&hellip;]<\/p>\n","protected":false},"author":7,"featured_media":0,"parent":0,"menu_order":0,"comment_status":"closed","ping_status":"closed","template":"","meta":[],"_links":{"self":[{"href":"https:\/\/www.iadep.gob.ar\/iadep-archivo\/wp-json\/wp\/v2\/pages\/6202"}],"collection":[{"href":"https:\/\/www.iadep.gob.ar\/iadep-archivo\/wp-json\/wp\/v2\/pages"}],"about":[{"href":"https:\/\/www.iadep.gob.ar\/iadep-archivo\/wp-json\/wp\/v2\/types\/page"}],"author":[{"embeddable":true,"href":"https:\/\/www.iadep.gob.ar\/iadep-archivo\/wp-json\/wp\/v2\/users\/7"}],"replies":[{"embeddable":true,"href":"https:\/\/www.iadep.gob.ar\/iadep-archivo\/wp-json\/wp\/v2\/comments?post=6202"}],"version-history":[{"count":7,"href":"https:\/\/www.iadep.gob.ar\/iadep-archivo\/wp-json\/wp\/v2\/pages\/6202\/revisions"}],"predecessor-version":[{"id":8712,"href":"https:\/\/www.iadep.gob.ar\/iadep-archivo\/wp-json\/wp\/v2\/pages\/6202\/revisions\/8712"}],"wp:attachment":[{"href":"https:\/\/www.iadep.gob.ar\/iadep-archivo\/wp-json\/wp\/v2\/media?parent=6202"}],"curies":[{"name":"wp","href":"https:\/\/api.w.org\/{rel}","templated":true}]}}