{"id":4717,"date":"2017-12-07T11:54:30","date_gmt":"2017-12-07T11:54:30","guid":{"rendered":"http:\/\/www.iadep.gov.ar\/iadep\/?page_id=4717"},"modified":"2020-05-06T13:38:50","modified_gmt":"2020-05-06T13:38:50","slug":"rse","status":"publish","type":"page","link":"https:\/\/www.iadep.gob.ar\/iadep-archivo\/rse\/","title":{"rendered":"RS"},"content":{"rendered":"<p>[vc_row][vc_column][vc_single_image image=\u00bb6777&#8243; img_size=\u00bb250&#215;200&#8243; alignment=\u00bbcenter\u00bb][vc_column_text]<\/p>\n<p style=\"text-align: justify;\">El <strong>Instituto Aut\u00e1rquico de Desarrollo Productivo<\/strong> (IADEP) , desde el a\u00f1o 2012 tomo la iniciativa y puesta en marcha del \u201cPROGRAMA DE RESPONSABILIDAD SOCIAL\u201d, implementado por un equipo interdisciplinario de colaboradores del organismo, siendo uno de los objetivos institucionales promover la Responsabilidad Social dentro y fuera de la Instituci\u00f3n.<\/p>\n<p style=\"text-align: justify;\">En este marco, el IADEP realiz\u00f3 diversas acciones tales como colaboraci\u00f3n en el programa de \u201cReciclado de Papel\u201d de la Fundaci\u00f3n Hospital Garrahan, donaci\u00f3n de equipos inform\u00e1ticos, asistencia a cursos y congresos de Responsabilidad Social y Sustentabilidad, elaboraci\u00f3n de un balance social, dictado de capacitaciones a instituciones educativas sobre estas tem\u00e1ticas, entre otras.<\/p>\n<p style=\"text-align: justify;\">En el periodo 2019 \u2026.<\/p>\n<p>[\/vc_column_text][\/vc_column][\/vc_row]<\/p>\n","protected":false},"excerpt":{"rendered":"<p>[vc_row][vc_column][vc_single_image image=\u00bb6777&#8243; img_size=\u00bb250&#215;200&#8243; alignment=\u00bbcenter\u00bb][vc_column_text] El Instituto Aut\u00e1rquico de Desarrollo Productivo (IADEP) , desde el a\u00f1o 2012 tomo la iniciativa y puesta en marcha del \u201cPROGRAMA DE RESPONSABILIDAD SOCIAL\u201d, implementado por un equipo interdisciplinario de colaboradores del organismo, siendo uno de los objetivos institucionales promover la Responsabilidad Social dentro y fuera [&hellip;]<\/p>\n","protected":false},"author":1,"featured_media":0,"parent":0,"menu_order":0,"comment_status":"closed","ping_status":"closed","template":"","meta":[],"_links":{"self":[{"href":"https:\/\/www.iadep.gob.ar\/iadep-archivo\/wp-json\/wp\/v2\/pages\/4717"}],"collection":[{"href":"https:\/\/www.iadep.gob.ar\/iadep-archivo\/wp-json\/wp\/v2\/pages"}],"about":[{"href":"https:\/\/www.iadep.gob.ar\/iadep-archivo\/wp-json\/wp\/v2\/types\/page"}],"author":[{"embeddable":true,"href":"https:\/\/www.iadep.gob.ar\/iadep-archivo\/wp-json\/wp\/v2\/users\/1"}],"replies":[{"embeddable":true,"href":"https:\/\/www.iadep.gob.ar\/iadep-archivo\/wp-json\/wp\/v2\/comments?post=4717"}],"version-history":[{"count":0,"href":"https:\/\/www.iadep.gob.ar\/iadep-archivo\/wp-json\/wp\/v2\/pages\/4717\/revisions"}],"wp:attachment":[{"href":"https:\/\/www.iadep.gob.ar\/iadep-archivo\/wp-json\/wp\/v2\/media?parent=4717"}],"curies":[{"name":"wp","href":"https:\/\/api.w.org\/{rel}","templated":true}]}}