{"id":955,"date":"2019-07-16T13:20:49","date_gmt":"2019-07-16T16:20:49","guid":{"rendered":"http:\/\/server04v:81\/descubrir\/?page_id=955"},"modified":"2019-08-12T14:50:32","modified_gmt":"2019-08-12T17:50:32","slug":"apoyo-a-otros-programas","status":"publish","type":"page","link":"https:\/\/www.iadep.gob.ar\/descubrir\/?page_id=955","title":{"rendered":""},"content":{"rendered":"<p>[vc_row][vc_column][vc_column_text]<\/p>\n<p style=\"text-align: center;\"><img decoding=\"async\" loading=\"lazy\" src=\"https:\/\/www.iadep.gob.ar\/descubrir\/wp-content\/uploads\/2019\/08\/Copia-de-Copia-de-Copia-de-Directora-en-Funciones-5.png\" alt=\"\" width=\"1000\" height=\"67\" class=\"aligncenter wp-image-1655\" srcset=\"https:\/\/www.iadep.gob.ar\/descubrir\/wp-content\/uploads\/2019\/08\/Copia-de-Copia-de-Copia-de-Directora-en-Funciones-5.png 1200w, https:\/\/www.iadep.gob.ar\/descubrir\/wp-content\/uploads\/2019\/08\/Copia-de-Copia-de-Copia-de-Directora-en-Funciones-5-300x20.png 300w, https:\/\/www.iadep.gob.ar\/descubrir\/wp-content\/uploads\/2019\/08\/Copia-de-Copia-de-Copia-de-Directora-en-Funciones-5-768x51.png 768w, https:\/\/www.iadep.gob.ar\/descubrir\/wp-content\/uploads\/2019\/08\/Copia-de-Copia-de-Copia-de-Directora-en-Funciones-5-1024x68.png 1024w\" sizes=\"(max-width: 1000px) 100vw, 1000px\" \/><\/p>\n<p style=\"text-align: center;\">El IADEP se encuentra trabajando conjuntamente junto a otros organismos p\u00fablicos que tambi\u00e9n fomentan el emprendedurismo para ofrecerles a los emprendedores una asistencia integral que les permitan convertir sus proyectos en realidad.<\/p>\n<p>[\/vc_column_text][\/vc_column][\/vc_row][vc_row][vc_column width=&#8221;1\/2&#8243;][vc_hoverbox image=&#8221;1611&#8243; primary_title=&#8221;&#8221; hover_title=&#8221;TOP XV&#8221; shape=&#8221;square&#8221; hover_btn_title=&#8221;+ INFO&#8221; hover_btn_color=&#8221;warning&#8221; use_custom_fonts_primary_title=&#8221;true&#8221; hover_add_button=&#8221;true&#8221; hover_btn_link=&#8221;url:https%3A%2F%2Fwww.iadep.gob.ar%2Fiadep%2Fel-iadep-brindara-asistencia-financiera-para-el-top-xv-emprendedor%2F||target:%20_blank|&#8221;]<\/p>\n<p style=\"text-align: center;\">El IADEP est\u00e1 participando en el proceso de Incubaci\u00f3n denominado <a href=\"http:\/\/www.adeneu.com.ar\/novedades\/413-top-xv-emprendedor\">&#8220;TOP XV&#8221;<\/a> <span>que brinda apoyo t\u00e9cnico y financiero a otros programas, planes o acciones espec\u00edficas de emprendedurismo.<\/span><\/p>\n<p>&nbsp;[\/vc_hoverbox][\/vc_column][vc_column width=&#8221;1\/2&#8243;][vc_hoverbox image=&#8221;1598&#8243; primary_title=&#8221;&#8221; hover_title=&#8221;GERMINAR&#8221; shape=&#8221;square&#8221; hover_btn_title=&#8221;+ INFO&#8221; hover_btn_color=&#8221;warning&#8221; use_custom_fonts_primary_title=&#8221;true&#8221; hover_add_button=&#8221;true&#8221; hover_btn_link=&#8221;url:https%3A%2F%2Fwww.iadep.gob.ar%2Fiadep%2Fel-iadep-firmo-un-convenio-con-la-secretaria-de-juventud-ninez-y-adolescencia-para-apoyar-a-los-jovenes-emprendedores%2F||target:%20_blank|&#8221;]<\/p>\n<p style=\"text-align: center;\"><span>El IADEP firm\u00f3 un convenio de colaboraci\u00f3n con la <a href=\"https:\/\/www.facebook.com\/subsejuventudneuquen\/?__tn__=K-R&amp;eid=ARDonQ1BvReC6fqeKyGz0LXjjyqt3EF3GEBucwItJv6NqDVVTW5zzc2ylDVflN-b67VmFXxUd4-z-kgZ&amp;fref=mentions&amp;__xts__[0]=68.ARBWHxnmampIEq-4BpCoFgmtB_O_wzCsAZKOeoofgLCzj8gBYCQhm8PM1Eytr_b39gIZA_T9pu6yUZwMHA6irA-o4rwPpHqSrP0eQZdnZla6bhsn6KRSk-l2IaE4m-X_iwH7_5m6velGlu_VVkHuF_UyJSQ-GnSkO2J5jJByHQeUnTfWsuywylI9AfFJBU_-ClnNDXvPbisrcoAqzb6wTplUapme0Z-mO2xu56RRjlPb16BqTH6NMnDb8kjiyqBcLPLc2qC_4zeXsdWBfuo3oxDI7ua1X1GuO39gE1bem1lQeazTfyPut2Oat42gIyy2_wruV5u4CssTOVWxzKcHeqUsPQ\">\u201cSecretar\u00eda de Juventud, Ni\u00f1ez y Adolescencia\u201d<\/a> para trabajar mancomunadamente en el sostenimiento, difusi\u00f3n y generaci\u00f3n de herramientas destinadas a j\u00f3venes emprendedores.<\/span><\/p>\n<p>&nbsp;[\/vc_hoverbox][\/vc_column][\/vc_row][vc_row][vc_column][vc_separator color=&#8221;white&#8221; style=&#8221;dashed&#8221;][\/vc_column][\/vc_row]<\/p>\n","protected":false},"excerpt":{"rendered":"<p>[vc_row][vc_column][vc_column_text] El IADEP se encuentra trabajando conjuntamente junto a otros organismos p\u00fablicos que tambi\u00e9n fomentan el emprendedurismo para ofrecerles a los emprendedores una asistencia integral que les permitan convertir sus proyectos en realidad. [\/vc_column_text][\/vc_column][\/vc_row][vc_row][vc_column width=&#8221;1\/2&#8243;][vc_hoverbox image=&#8221;1611&#8243; primary_title=&#8221;&#8221; hover_title=&#8221;TOP XV&#8221; shape=&#8221;square&#8221; hover_btn_title=&#8221;+ INFO&#8221; hover_btn_color=&#8221;warning&#8221; use_custom_fonts_primary_title=&#8221;true&#8221; hover_add_button=&#8221;true&#8221; hover_btn_link=&#8221;url:https%3A%2F%2Fwww.iadep.gob.ar%2Fiadep%2Fel-iadep-brindara-asistencia-financiera-para-el-top-xv-emprendedor%2F||target:%20_blank|&#8221;] El IADEP est\u00e1 participando [&hellip;]<\/p>\n","protected":false},"author":1,"featured_media":0,"parent":0,"menu_order":0,"comment_status":"closed","ping_status":"closed","template":"","meta":[],"_links":{"self":[{"href":"https:\/\/www.iadep.gob.ar\/descubrir\/index.php?rest_route=\/wp\/v2\/pages\/955"}],"collection":[{"href":"https:\/\/www.iadep.gob.ar\/descubrir\/index.php?rest_route=\/wp\/v2\/pages"}],"about":[{"href":"https:\/\/www.iadep.gob.ar\/descubrir\/index.php?rest_route=\/wp\/v2\/types\/page"}],"author":[{"embeddable":true,"href":"https:\/\/www.iadep.gob.ar\/descubrir\/index.php?rest_route=\/wp\/v2\/users\/1"}],"replies":[{"embeddable":true,"href":"https:\/\/www.iadep.gob.ar\/descubrir\/index.php?rest_route=%2Fwp%2Fv2%2Fcomments&post=955"}],"version-history":[{"count":27,"href":"https:\/\/www.iadep.gob.ar\/descubrir\/index.php?rest_route=\/wp\/v2\/pages\/955\/revisions"}],"predecessor-version":[{"id":1730,"href":"https:\/\/www.iadep.gob.ar\/descubrir\/index.php?rest_route=\/wp\/v2\/pages\/955\/revisions\/1730"}],"wp:attachment":[{"href":"https:\/\/www.iadep.gob.ar\/descubrir\/index.php?rest_route=%2Fwp%2Fv2%2Fmedia&parent=955"}],"curies":[{"name":"wp","href":"https:\/\/api.w.org\/{rel}","templated":true}]}}