{"id":209,"date":"2019-06-12T13:41:58","date_gmt":"2019-06-12T16:41:58","guid":{"rendered":"http:\/\/server04v:81\/descubrir\/?page_id=209"},"modified":"2019-08-08T13:48:02","modified_gmt":"2019-08-08T16:48:02","slug":"capacitacion-con-opcion-a-financiamiento-2","status":"publish","type":"page","link":"https:\/\/www.iadep.gob.ar\/descubrir\/?page_id=209","title":{"rendered":"Capacitaci\u00f3n + financiamiento"},"content":{"rendered":"<p>[vc_row][vc_column][vc_column_text]<\/p>\n<div style=\"height:20px\" aria-hidden=\"true\" class=\"wp-block-spacer\"><\/div>\n\n\n<p style=\"text-align:center\" class=\"has-medium-font-size\">Como parte del Programa Descubrir, buscamos emprendedores con proyectos innovadores para potenciar a trav\u00e9s de asistencia t\u00e9cnica y financiera.<\/p>\n\n\n<div style=\"height:40px\" aria-hidden=\"true\" class=\"wp-block-spacer\"><\/div>\n\n\n<h2 style=\"text-align:center\"><img decoding=\"async\" loading=\"lazy\" width=\"400\" height=\"400\" class=\"wp-image-1096\" style=\"width: 100px;\" src=\"https:\/\/www.iadep.gob.ar\/descubrir\/wp-content\/uploads\/2019\/07\/LogoMakr_7Wsgh9.png\" alt=\"\" srcset=\"https:\/\/www.iadep.gob.ar\/descubrir\/wp-content\/uploads\/2019\/07\/LogoMakr_7Wsgh9.png 400w, https:\/\/www.iadep.gob.ar\/descubrir\/wp-content\/uploads\/2019\/07\/LogoMakr_7Wsgh9-150x150.png 150w, https:\/\/www.iadep.gob.ar\/descubrir\/wp-content\/uploads\/2019\/07\/LogoMakr_7Wsgh9-300x300.png 300w\" sizes=\"(max-width: 400px) 100vw, 400px\" \/><\/h2>\n\n\n<h2 style=\"text-align:center\"><img decoding=\"async\" loading=\"lazy\" width=\"400\" height=\"79\" class=\"wp-image-1085\" style=\"width: 300px;\" src=\"https:\/\/www.iadep.gob.ar\/descubrir\/wp-content\/uploads\/2019\/07\/LogoMakr_9sCMSh.png\" alt=\"\" srcset=\"https:\/\/www.iadep.gob.ar\/descubrir\/wp-content\/uploads\/2019\/07\/LogoMakr_9sCMSh.png 400w, https:\/\/www.iadep.gob.ar\/descubrir\/wp-content\/uploads\/2019\/07\/LogoMakr_9sCMSh-300x59.png 300w\" sizes=\"(max-width: 400px) 100vw, 400px\" \/><\/h2>\n\n\n<div style=\"height:20px\" aria-hidden=\"true\" class=\"wp-block-spacer\"><\/div>\n\n\n<p style=\"text-align:center\" class=\"has-medium-font-size\">Convocamos&nbsp; a emprendedores neuquinos con proyectos innovadores a participar de un proceso de capacitaciones, con opci\u00f3n a acceder a un cr\u00e9dito en condiciones blandas.<\/p>\n\n\n<p style=\"text-align:center\" class=\"has-medium-font-size\">Los interesados en arrancar o consolidar su proyecto o empresa de hasta 5 a\u00f1os de antig\u00fcedad, pueden postularse,&nbsp; hasta el&nbsp; 19 de Agosto, completando el formulario en (va link)&nbsp;&nbsp;&nbsp;&nbsp;&nbsp;&nbsp;&nbsp;&nbsp;&nbsp;&nbsp;<\/p>\n\n\n<div style=\"height:40px\" aria-hidden=\"true\" class=\"wp-block-spacer\"><\/div>\n\n\n<div class=\"wp-block-cover alignfull has-background-dim-10 has-background-dim\" style=\"background-image:url(https:\/\/www.iadep.gob.ar\/descubrir\/wp-content\/uploads\/2019\/06\/verde.png)\">\n<div class=\"wp-block-cover__inner-container\">\n<p style=\"font-size:25px;text-align:center\"><img decoding=\"async\" loading=\"lazy\" width=\"400\" height=\"357\" class=\"wp-image-279\" style=\"width: 100px;\" src=\"https:\/\/www.iadep.gob.ar\/descubrir\/wp-content\/uploads\/2019\/06\/LogoMakr_1KP2ux.png\" alt=\"\" srcset=\"https:\/\/www.iadep.gob.ar\/descubrir\/wp-content\/uploads\/2019\/06\/LogoMakr_1KP2ux.png 400w, https:\/\/www.iadep.gob.ar\/descubrir\/wp-content\/uploads\/2019\/06\/LogoMakr_1KP2ux-300x268.png 300w\" sizes=\"(max-width: 400px) 100vw, 400px\" \/> <img decoding=\"async\" loading=\"lazy\" width=\"400\" height=\"53\" class=\"wp-image-1048\" style=\"width: 420px;\" src=\"https:\/\/www.iadep.gob.ar\/descubrir\/wp-content\/uploads\/2019\/07\/LogoMakr_1grE3i.png\" alt=\"\" srcset=\"https:\/\/www.iadep.gob.ar\/descubrir\/wp-content\/uploads\/2019\/07\/LogoMakr_1grE3i.png 400w, https:\/\/www.iadep.gob.ar\/descubrir\/wp-content\/uploads\/2019\/07\/LogoMakr_1grE3i-300x40.png 300w\" sizes=\"(max-width: 400px) 100vw, 400px\" \/><\/p>\n\n\n<p style=\"text-align:center\" class=\"has-text-color has-medium-font-size has-white-color\">Personas mayores de 18 a\u00f1os que tengan una idea proyecto o un emprendimiento en marcha de hasta 5 a\u00f1os de antig\u00fcedad.<\/p>\n<p><\/div>\n<\/div>\n\n\n<div style=\"height:40px\" aria-hidden=\"true\" class=\"wp-block-spacer\"><\/div>\n\n\n<h2 style=\"text-align:center\"><img decoding=\"async\" loading=\"lazy\" width=\"339\" height=\"400\" class=\"wp-image-1308\" style=\"width: 90px;\" src=\"https:\/\/www.iadep.gob.ar\/descubrir\/wp-content\/uploads\/2019\/07\/LogoMakr_7H9uOh.png\" alt=\"\" srcset=\"https:\/\/www.iadep.gob.ar\/descubrir\/wp-content\/uploads\/2019\/07\/LogoMakr_7H9uOh.png 339w, https:\/\/www.iadep.gob.ar\/descubrir\/wp-content\/uploads\/2019\/07\/LogoMakr_7H9uOh-254x300.png 254w\" sizes=\"(max-width: 339px) 100vw, 339px\" \/><img decoding=\"async\" loading=\"lazy\" width=\"400\" height=\"106\" class=\"wp-image-1281\" style=\"width: 250px;\" src=\"https:\/\/www.iadep.gob.ar\/descubrir\/wp-content\/uploads\/2019\/07\/LogoMakr_46aX4q.png\" alt=\"\" srcset=\"https:\/\/www.iadep.gob.ar\/descubrir\/wp-content\/uploads\/2019\/07\/LogoMakr_46aX4q.png 400w, https:\/\/www.iadep.gob.ar\/descubrir\/wp-content\/uploads\/2019\/07\/LogoMakr_46aX4q-300x80.png 300w\" sizes=\"(max-width: 400px) 100vw, 400px\" \/><\/h2>\n\n\n<div style=\"height:20px\" aria-hidden=\"true\" class=\"wp-block-spacer\"><\/div>\n\n\n<p style=\"text-align:center\" class=\"has-medium-font-size\">Ser\u00e1n desarrolladas por capacitadores conjuntamente con emprendedores y empresarios neuquinos que aportar\u00e1n su experiencia. Tienen por objeto brindar herramientas fundamentales para el desarrollo de emprendimientos nuevos y j\u00f3venes:<\/p>\n\n\n<div class=\"is-layout-flex wp-container-3 wp-block-columns has-2-columns\">\n<div class=\"is-layout-flow wp-block-column\">\n<div style=\"height:30px\" aria-hidden=\"true\" class=\"wp-block-spacer\"><\/div>\n\n\n<ul>\n<li> Costos y Financiamiento<\/li>\n<li> Modelo de negocio<\/li>\n<\/ul>\n<p><\/div>\n\n\n<div class=\"is-layout-flow wp-block-column\">\n<div style=\"height:30px\" aria-hidden=\"true\" class=\"wp-block-spacer\"><\/div>\n\n\n<ul>\n<li> Flujo de fondos proyectado<\/li>\n<li> Estrategias de comercializaci\u00f3n y redes sociales<\/li>\n<\/ul>\n<p><\/div>\n<p><\/div>\n\n\n<div class=\"wp-block-cover alignfull\" style=\"background-image:url(https:\/\/www.iadep.gob.ar\/descubrir\/wp-content\/uploads\/2019\/06\/naranja.png)\">\n<div class=\"wp-block-cover__inner-container\">\n<p style=\"text-align:center\"><img decoding=\"async\" loading=\"lazy\" width=\"360\" height=\"400\" class=\"wp-image-894\" style=\"width: 100px;\" src=\"https:\/\/www.iadep.gob.ar\/descubrir\/wp-content\/uploads\/2019\/07\/LogoMakr_5tL79q.png\" alt=\"\" srcset=\"https:\/\/www.iadep.gob.ar\/descubrir\/wp-content\/uploads\/2019\/07\/LogoMakr_5tL79q.png 360w, https:\/\/www.iadep.gob.ar\/descubrir\/wp-content\/uploads\/2019\/07\/LogoMakr_5tL79q-270x300.png 270w\" sizes=\"(max-width: 360px) 100vw, 360px\" \/><img decoding=\"async\" loading=\"lazy\" width=\"400\" height=\"90\" class=\"wp-image-1128\" style=\"width: 300px;\" src=\"https:\/\/www.iadep.gob.ar\/descubrir\/wp-content\/uploads\/2019\/07\/LogoMakr_5EN1HG.png\" alt=\"\" srcset=\"https:\/\/www.iadep.gob.ar\/descubrir\/wp-content\/uploads\/2019\/07\/LogoMakr_5EN1HG.png 400w, https:\/\/www.iadep.gob.ar\/descubrir\/wp-content\/uploads\/2019\/07\/LogoMakr_5EN1HG-300x68.png 300w\" sizes=\"(max-width: 400px) 100vw, 400px\" \/><\/p>\n\n<p>&nbsp;<\/p>\n\n\n<p style=\"text-align:center\" class=\"has-medium-font-size\">Facilitamos el acceso a un cr\u00e9dito en condiciones blandas para aquellos emprendedores con proyectos viables t\u00e9cnica, econ\u00f3mica y financieramente.<\/p>\n<p><\/div>\n<\/div>\n\n\n<div style=\"height:50px\" aria-hidden=\"true\" class=\"wp-block-spacer\"><\/div>\n\n\n<h2 style=\"text-align:center\"><img decoding=\"async\" loading=\"lazy\" width=\"380\" height=\"400\" class=\"wp-image-831\" style=\"width: 120px;\" src=\"https:\/\/www.iadep.gob.ar\/descubrir\/wp-content\/uploads\/2019\/07\/LogoMakr_6hh71U.png\" alt=\"\" srcset=\"https:\/\/www.iadep.gob.ar\/descubrir\/wp-content\/uploads\/2019\/07\/LogoMakr_6hh71U.png 380w, https:\/\/www.iadep.gob.ar\/descubrir\/wp-content\/uploads\/2019\/07\/LogoMakr_6hh71U-285x300.png 285w\" sizes=\"(max-width: 380px) 100vw, 380px\" \/><\/h2>\n\n\n<div class=\"is-layout-flex wp-container-6 wp-block-columns has-2-columns\">\n<div class=\"is-layout-flow wp-block-column\">\n<p style=\"text-align:center\"><img decoding=\"async\" loading=\"lazy\" width=\"400\" height=\"167\" class=\"wp-image-1185\" style=\"width: 200px;\" src=\"https:\/\/www.iadep.gob.ar\/descubrir\/wp-content\/uploads\/2019\/07\/LogoMakr_66Twc0.png\" alt=\"\" srcset=\"https:\/\/www.iadep.gob.ar\/descubrir\/wp-content\/uploads\/2019\/07\/LogoMakr_66Twc0.png 400w, https:\/\/www.iadep.gob.ar\/descubrir\/wp-content\/uploads\/2019\/07\/LogoMakr_66Twc0-300x125.png 300w\" sizes=\"(max-width: 400px) 100vw, 400px\" \/><\/p>\n<p><\/div>\n\n\n<div class=\"is-layout-flow wp-block-column\">\n<p style=\"text-align: center;\"><img decoding=\"async\" loading=\"lazy\" width=\"400\" height=\"168\" class=\"wp-image-1183\" style=\"width: 200px;\" src=\"https:\/\/www.iadep.gob.ar\/descubrir\/wp-content\/uploads\/2019\/07\/LogoMakr_5Hcctk.png\" alt=\"\" srcset=\"https:\/\/www.iadep.gob.ar\/descubrir\/wp-content\/uploads\/2019\/07\/LogoMakr_5Hcctk.png 400w, https:\/\/www.iadep.gob.ar\/descubrir\/wp-content\/uploads\/2019\/07\/LogoMakr_5Hcctk-300x126.png 300w\" sizes=\"(max-width: 400px) 100vw, 400px\" \/><\/p>\n<p><\/div>\n<p><\/div>\n\n\n<div class=\"is-layout-flex wp-container-9 wp-block-columns has-2-columns\">\n<div class=\"is-layout-flow wp-block-column\">\n<p style=\"text-align:center\"><img decoding=\"async\" loading=\"lazy\" width=\"400\" height=\"167\" class=\"wp-image-1188\" style=\"width: 200px;\" src=\"https:\/\/www.iadep.gob.ar\/descubrir\/wp-content\/uploads\/2019\/07\/LogoMakr_4X7dBx.png\" alt=\"\" srcset=\"https:\/\/www.iadep.gob.ar\/descubrir\/wp-content\/uploads\/2019\/07\/LogoMakr_4X7dBx.png 400w, https:\/\/www.iadep.gob.ar\/descubrir\/wp-content\/uploads\/2019\/07\/LogoMakr_4X7dBx-300x125.png 300w\" sizes=\"(max-width: 400px) 100vw, 400px\" \/><\/p>\n<p><\/div>\n\n\n<div class=\"is-layout-flow wp-block-column\">\n<p style=\"text-align: center;\"><img decoding=\"async\" loading=\"lazy\" width=\"400\" height=\"168\" class=\"wp-image-1189\" style=\"width: 200px;\" src=\"https:\/\/www.iadep.gob.ar\/descubrir\/wp-content\/uploads\/2019\/07\/LogoMakr_4mJmaS.png\" alt=\"\" srcset=\"https:\/\/www.iadep.gob.ar\/descubrir\/wp-content\/uploads\/2019\/07\/LogoMakr_4mJmaS.png 400w, https:\/\/www.iadep.gob.ar\/descubrir\/wp-content\/uploads\/2019\/07\/LogoMakr_4mJmaS-300x126.png 300w\" sizes=\"(max-width: 400px) 100vw, 400px\" \/><\/p>\n<p><\/div>\n<p><\/div>\n\n\n<div style=\"height:50px\" aria-hidden=\"true\" class=\"wp-block-spacer\"><\/div>\n\n\n<div style=\"height:40px\" aria-hidden=\"true\" class=\"wp-block-spacer\"><\/div>\n\n\n<h2 style=\"text-align:center\"><img decoding=\"async\" loading=\"lazy\" width=\"268\" height=\"400\" class=\"wp-image-1113\" style=\"width: 70px;\" src=\"https:\/\/www.iadep.gob.ar\/descubrir\/wp-content\/uploads\/2019\/07\/LogoMakr_7NXiAH.png\" alt=\"\" srcset=\"https:\/\/www.iadep.gob.ar\/descubrir\/wp-content\/uploads\/2019\/07\/LogoMakr_7NXiAH.png 268w, https:\/\/www.iadep.gob.ar\/descubrir\/wp-content\/uploads\/2019\/07\/LogoMakr_7NXiAH-201x300.png 201w\" sizes=\"(max-width: 268px) 100vw, 268px\" \/><img decoding=\"async\" loading=\"lazy\" width=\"400\" height=\"149\" class=\"wp-image-999\" style=\"width: 200px;\" src=\"https:\/\/www.iadep.gob.ar\/descubrir\/wp-content\/uploads\/2019\/07\/LogoMakr_7ouMRh.png\" alt=\"\" srcset=\"https:\/\/www.iadep.gob.ar\/descubrir\/wp-content\/uploads\/2019\/07\/LogoMakr_7ouMRh.png 400w, https:\/\/www.iadep.gob.ar\/descubrir\/wp-content\/uploads\/2019\/07\/LogoMakr_7ouMRh-300x112.png 300w\" sizes=\"(max-width: 400px) 100vw, 400px\" \/><\/h2>\n\n\n<p style=\"text-align:center\" class=\"has-medium-font-size\">Todos los encuentros se realizar\u00e1n en el <a rel=\"noreferrer noopener\" aria-label=\"CLUB DE EMPRENDEDORES (abre en una nueva pesta\u00f1a)\" href=\"http:\/\/club.adeneu.com.ar\/\" target=\"_blank\">CLUB DE EMPRENDEDORES<\/a> ubicado entre las calles Sarmiento y Chaneton en Neuqu\u00e9n Capital.<\/p>\n\n<p>&nbsp;<\/p>\n[\/vc_column_text][\/vc_column][\/vc_row][vc_row][vc_column][vc_gmaps link=&#8221;#E-8_JTNDaWZyYW1lJTIwc3JjJTNEJTIyaHR0cHMlM0ElMkYlMkZ3d3cuZ29vZ2xlLmNvbSUyRm1hcHMlMkZlbWJlZCUzRnBiJTNEJTIxMW0xNCUyMTFtOCUyMTFtMyUyMTFkMTI0MTAuMTY5MDE5NTk2ODkzJTIxMmQtNjguMDcwODA2NSUyMTNkLTM4Ljk1NzI4NDUlMjEzbTIlMjExaTEwMjQlMjEyaTc2OCUyMTRmMTMuMSUyMTNtMyUyMTFtMiUyMTFzMHgwJTI1M0EweDE4NmRkYWZmNmVjZDI0OSUyMTJzQ2x1YiUyQmRlJTJCRW1wcmVuZGVkb3JlcyUyMTVlMCUyMTNtMiUyMTFzZXMlMjEyc2FyJTIxNHYxNTYzMzg1ODc0NzQ3JTIxNW0yJTIxMXNlcyUyMTJzYXIlMjIlMjB3aWR0aCUzRCUyMjQwMCUyMiUyMGhlaWdodCUzRCUyMjMwMCUyMiUyMGZyYW1lYm9yZGVyJTNEJTIyMCUyMiUyMHN0eWxlJTNEJTIyYm9yZGVyJTNBMCUyMiUyMGFsbG93ZnVsbHNjcmVlbiUzRSUzQyUyRmlmcmFtZSUzRQ==&#8221; css_animation=&#8221;fadeIn&#8221;][\/vc_column][\/vc_row][vc_row][vc_column][vc_column_text]\n<div class=\"wp-block-cover alignfull has-background-dim\" style=\"background-image:url(https:\/\/www.iadep.gob.ar\/descubrir\/wp-content\/uploads\/2019\/07\/marvin-meyer-571072-unsplash.jpg)\">\n<div class=\"wp-block-cover__inner-container\">\n<p style=\"text-align:center\" class=\"has-large-font-size\"><img decoding=\"async\" loading=\"lazy\" width=\"400\" height=\"298\" class=\"wp-image-1261\" style=\"width: 120px;\" src=\"https:\/\/www.iadep.gob.ar\/descubrir\/wp-content\/uploads\/2019\/07\/LogoMakr_8rFLax.png\" alt=\"\" srcset=\"https:\/\/www.iadep.gob.ar\/descubrir\/wp-content\/uploads\/2019\/07\/LogoMakr_8rFLax.png 400w, https:\/\/www.iadep.gob.ar\/descubrir\/wp-content\/uploads\/2019\/07\/LogoMakr_8rFLax-300x224.png 300w\" sizes=\"(max-width: 400px) 100vw, 400px\" \/><img decoding=\"async\" loading=\"lazy\" width=\"400\" height=\"76\" class=\"wp-image-1262\" style=\"width: 400px;\" src=\"https:\/\/www.iadep.gob.ar\/descubrir\/wp-content\/uploads\/2019\/07\/LogoMakr_1ZRdo2.png\" alt=\"\" srcset=\"https:\/\/www.iadep.gob.ar\/descubrir\/wp-content\/uploads\/2019\/07\/LogoMakr_1ZRdo2.png 400w, https:\/\/www.iadep.gob.ar\/descubrir\/wp-content\/uploads\/2019\/07\/LogoMakr_1ZRdo2-300x57.png 300w\" sizes=\"(max-width: 400px) 100vw, 400px\" \/><\/p>\n\n\n<div class=\"wp-block-button aligncenter\"><a class=\"wp-block-button__link\">BASES Y CONDICIONES<\/a><\/div>\n<p><\/div>\n<\/div>\n\n<p>&nbsp;<\/p>\n\n<p>&nbsp;<\/p>\n<p>[\/vc_column_text][\/vc_column][\/vc_row]<\/p>\n","protected":false},"excerpt":{"rendered":"<p>[vc_row][vc_column][vc_column_text] Como parte del Programa Descubrir, buscamos emprendedores con proyectos innovadores para potenciar a trav\u00e9s de asistencia t\u00e9cnica y financiera. Convocamos&nbsp; a emprendedores neuquinos con proyectos innovadores a participar de un proceso de capacitaciones, con opci\u00f3n a acceder a un cr\u00e9dito en condiciones blandas. Los interesados en arrancar o consolidar [&hellip;]<\/p>\n","protected":false},"author":1,"featured_media":0,"parent":0,"menu_order":0,"comment_status":"closed","ping_status":"closed","template":"","meta":[],"_links":{"self":[{"href":"https:\/\/www.iadep.gob.ar\/descubrir\/index.php?rest_route=\/wp\/v2\/pages\/209"}],"collection":[{"href":"https:\/\/www.iadep.gob.ar\/descubrir\/index.php?rest_route=\/wp\/v2\/pages"}],"about":[{"href":"https:\/\/www.iadep.gob.ar\/descubrir\/index.php?rest_route=\/wp\/v2\/types\/page"}],"author":[{"embeddable":true,"href":"https:\/\/www.iadep.gob.ar\/descubrir\/index.php?rest_route=\/wp\/v2\/users\/1"}],"replies":[{"embeddable":true,"href":"https:\/\/www.iadep.gob.ar\/descubrir\/index.php?rest_route=%2Fwp%2Fv2%2Fcomments&post=209"}],"version-history":[{"count":341,"href":"https:\/\/www.iadep.gob.ar\/descubrir\/index.php?rest_route=\/wp\/v2\/pages\/209\/revisions"}],"predecessor-version":[{"id":1661,"href":"https:\/\/www.iadep.gob.ar\/descubrir\/index.php?rest_route=\/wp\/v2\/pages\/209\/revisions\/1661"}],"wp:attachment":[{"href":"https:\/\/www.iadep.gob.ar\/descubrir\/index.php?rest_route=%2Fwp%2Fv2%2Fmedia&parent=209"}],"curies":[{"name":"wp","href":"https:\/\/api.w.org\/{rel}","templated":true}]}}